{"id":624,"date":"2020-02-01T18:01:30","date_gmt":"2020-02-01T22:01:30","guid":{"rendered":"http:\/\/toacaso.gob.ec\/cotopaxi\/?page_id=624"},"modified":"2021-07-21T18:03:56","modified_gmt":"2021-07-21T22:03:56","slug":"rendicion-de-cuentas-2020","status":"publish","type":"page","link":"https:\/\/toacaso.gob.ec\/cotopaxi\/rendicion-de-cuentas-2020\/","title":{"rendered":"Rendici\u00f3n de Cuentas 2020"},"content":{"rendered":"[vc_row][vc_column][vc_column_text]\n<h1>PROCESO DE RENDICI\u00d3N DE CUENTAS A\u00d1O 2020<\/h1>\n<h3><strong>FASE 1: Planificaci\u00f3n y facilitaci\u00f3n del proceso desde la asamblea ciudadana.<\/strong><\/h3>\n<h3><a href=\"https:\/\/toacaso.gob.ec\/cotopaxi\/wp-content\/uploads\/2021\/06\/delegacionrendicion202020210624_09540381.pdf\">delegacionrendicion202020210624_09540381<\/a><\/h3>\n<p><a href=\"https:\/\/toacaso.gob.ec\/cotopaxi\/wp-content\/uploads\/2021\/06\/mapeodeactores202020210624_10023688.pdf\">mapeodeactores202020210624_10023688<\/a><\/p>\n<p><a href=\"https:\/\/toacaso.gob.ec\/cotopaxi\/wp-content\/uploads\/2021\/06\/preguntas-de-la-ciudadania20210624_15345883.pdf\">preguntas de la ciudadania20210624_15345883<\/a><\/p>\n<p><a href=\"https:\/\/toacaso.gob.ec\/cotopaxi\/wp-content\/uploads\/2021\/06\/hoja-ruta202020210624_10131613-1.pdf\">hoja ruta202020210624_10131613<\/a><\/p>\n<h3><strong>FASE 2: Evaluaci\u00f3n de la gesti\u00f3n y redacci\u00f3n del informe de la instituci\u00f3n.<\/strong><\/h3>\n<h3><strong><a href=\"https:\/\/toacaso.gob.ec\/cotopaxi\/wp-content\/uploads\/2021\/06\/convocatoria202020210624_10271196-1.pdf\">convocatoria202020210624_10271196<\/a><\/strong><\/h3>\n<h3><strong><a href=\"https:\/\/toacaso.gob.ec\/cotopaxi\/wp-content\/uploads\/2021\/06\/informe-rendicion-202020210624_10375158-4.pdf\">informe rendicion 202020210624_10375158<\/a><\/strong><\/h3>\n<h3><strong>FASE 3:<\/strong><strong>\u00a0Evaluaci\u00f3n ciudadana del informe institucional<\/strong><\/h3>\n<p><a href=\"https:\/\/www.facebook.com\/gadparroquialrural.toacaso\/videos\/1025316164539815\">https:\/\/www.facebook.com\/gadparroquialrural.toacaso\/videos\/1025316164539815<\/a><\/p>\n<p><strong>ACTA COMPROMISOS \u2013 PLAN DE TRABAJO<\/strong><\/p>\n<h3><a href=\"https:\/\/toacaso.gob.ec\/cotopaxi\/wp-content\/uploads\/2021\/07\/acta-compromiso-202020210716_09582682.pdf\">acta compromiso 202020210716_09582682<\/a><\/h3>\n<p><a href=\"https:\/\/toacaso.gob.ec\/cotopaxi\/wp-content\/uploads\/2021\/07\/GAD-RENDICION-DE-CUENTAS-2020Recuperado-autom\u00e1ticamente.pdf\">GAD RENDICION DE CUENTAS 2020(Recuperado autom\u00e1ticamente)<\/a><\/p>\n[\/vc_column_text][\/vc_column][\/vc_row]\n","protected":false},"excerpt":{"rendered":"<p>[vc_row][vc_column][vc_column_text] PROCESO DE RENDICI\u00d3N DE CUENTAS A\u00d1O 2020 FASE 1: Planificaci\u00f3n y facilitaci\u00f3n del proceso desde la asamblea ciudadana. delegacionrendicion202020210624_09540381 mapeodeactores202020210624_10023688 preguntas de la ciudadania20210624_15345883 hoja ruta202020210624_10131613 FASE 2: Evaluaci\u00f3n de la gesti\u00f3n y redacci\u00f3n del informe de la instituci\u00f3n. convocatoria202020210624_10271196 informe rendicion 202020210624_10375158 FASE 3:\u00a0Evaluaci\u00f3n ciudadana del informe institucional https:\/\/www.facebook.com\/gadparroquialrural.toacaso\/videos\/1025316164539815 ACTA COMPROMISOS \u2013 PLAN [&hellip;]<\/p>\n","protected":false},"author":2,"featured_media":0,"parent":0,"menu_order":0,"comment_status":"closed","ping_status":"closed","template":"","meta":{"footnotes":""},"yst_prominent_words":[58,28,23,29,27,30,26,25],"class_list":["post-624","page","type-page","status-publish","hentry"],"_links":{"self":[{"href":"https:\/\/toacaso.gob.ec\/cotopaxi\/wp-json\/wp\/v2\/pages\/624","targetHints":{"allow":["GET"]}}],"collection":[{"href":"https:\/\/toacaso.gob.ec\/cotopaxi\/wp-json\/wp\/v2\/pages"}],"about":[{"href":"https:\/\/toacaso.gob.ec\/cotopaxi\/wp-json\/wp\/v2\/types\/page"}],"author":[{"embeddable":true,"href":"https:\/\/toacaso.gob.ec\/cotopaxi\/wp-json\/wp\/v2\/users\/2"}],"replies":[{"embeddable":true,"href":"https:\/\/toacaso.gob.ec\/cotopaxi\/wp-json\/wp\/v2\/comments?post=624"}],"version-history":[{"count":13,"href":"https:\/\/toacaso.gob.ec\/cotopaxi\/wp-json\/wp\/v2\/pages\/624\/revisions"}],"predecessor-version":[{"id":1586,"href":"https:\/\/toacaso.gob.ec\/cotopaxi\/wp-json\/wp\/v2\/pages\/624\/revisions\/1586"}],"wp:attachment":[{"href":"https:\/\/toacaso.gob.ec\/cotopaxi\/wp-json\/wp\/v2\/media?parent=624"}],"wp:term":[{"taxonomy":"yst_prominent_words","embeddable":true,"href":"https:\/\/toacaso.gob.ec\/cotopaxi\/wp-json\/wp\/v2\/yst_prominent_words?post=624"}],"curies":[{"name":"wp","href":"https:\/\/api.w.org\/{rel}","templated":true}]}}