{"id":610,"date":"2019-01-20T10:32:41","date_gmt":"2019-01-20T14:32:41","guid":{"rendered":"http:\/\/toacaso.gob.ec\/cotopaxi\/?page_id=610"},"modified":"2020-11-17T12:03:04","modified_gmt":"2020-11-17T16:03:04","slug":"rendicion-de-cuentas-2019","status":"publish","type":"page","link":"https:\/\/toacaso.gob.ec\/cotopaxi\/rendicion-de-cuentas-2019\/","title":{"rendered":"Rendici\u00f3n de Cuentas 2019"},"content":{"rendered":"<h1>PROCESO DE RENDICI\u00d3N DE CUENTAS A\u00d1O 2019<\/h1>\n<h3>\u00a0<strong>FASE 1: Planificaci\u00f3n y facilitaci\u00f3n del proceso desde la asamblea ciudadana.<\/strong><\/h3>\n<h3><strong><a href=\"https:\/\/toacaso.gob.ec\/cotopaxi\/wp-content\/uploads\/2020\/10\/delegacion-rendicion-201920201023_15212685.pdf\">delegacion rendicion 201920201023_15212685<\/a><\/strong><\/h3>\n<h3><strong><a href=\"https:\/\/toacaso.gob.ec\/cotopaxi\/wp-content\/uploads\/2020\/10\/mapeo-de-actores20201023_15232436.pdf\">mapeo de actores20201023_15232436<\/a><\/strong><\/h3>\n<h3><strong><a href=\"https:\/\/toacaso.gob.ec\/cotopaxi\/wp-content\/uploads\/2020\/10\/preguntas-de-la-ciudadania-20201023_15431312.pdf\">preguntas de la ciudadania 20201023_15431312<\/a><\/strong><\/h3>\n<h3><a href=\"https:\/\/toacaso.gob.ec\/cotopaxi\/wp-content\/uploads\/2020\/10\/hoja-ruta20201027_10514280.pdf\">hoja ruta20201027_10514280<\/a><\/h3>\n<h3><strong>FASE 2: Evaluaci\u00f3n de la gesti\u00f3n y redacci\u00f3n del informe de la instituci\u00f3n.<\/strong><\/h3>\n<p><a href=\"https:\/\/toacaso.gob.ec\/cotopaxi\/wp-content\/uploads\/2020\/11\/convocatoria20201117_10321564.pdf\">convocatoria20201117_10321564<\/a><\/p>\n<p><a href=\"https:\/\/toacaso.gob.ec\/cotopaxi\/wp-content\/uploads\/2020\/10\/Rendicion-de-cuentas-201920201021_12281936.pdf\">Rendicion de cuentas 201920201021_12281936<\/a><\/p>\n<h3><strong>FASE 3:<\/strong><strong>\u00a0Evaluaci\u00f3n ciudadana del informe institucional<\/strong><\/h3>\n<p><a href=\"https:\/\/www.facebook.com\/GadToacaso\/videos\/402702947413417\">https:\/\/www.facebook.com\/GadToacaso\/videos\/402702947413417<\/a><\/p>\n<p>&nbsp;<\/p>\n","protected":false},"excerpt":{"rendered":"<p>PROCESO DE RENDICI\u00d3N DE CUENTAS A\u00d1O 2019 \u00a0FASE 1: Planificaci\u00f3n y facilitaci\u00f3n del proceso desde la asamblea ciudadana. delegacion rendicion 201920201023_15212685 mapeo de actores20201023_15232436 preguntas de la ciudadania 20201023_15431312 hoja ruta20201027_10514280 FASE 2: Evaluaci\u00f3n de la gesti\u00f3n y redacci\u00f3n del informe de la instituci\u00f3n. convocatoria20201117_10321564 Rendicion de cuentas 201920201021_12281936 FASE 3:\u00a0Evaluaci\u00f3n ciudadana del informe institucional [&hellip;]<\/p>\n","protected":false},"author":2,"featured_media":0,"parent":0,"menu_order":0,"comment_status":"closed","ping_status":"closed","template":"","meta":{"footnotes":""},"yst_prominent_words":[28,23,29,27,30,26,25],"class_list":["post-610","page","type-page","status-publish","hentry"],"_links":{"self":[{"href":"https:\/\/toacaso.gob.ec\/cotopaxi\/wp-json\/wp\/v2\/pages\/610","targetHints":{"allow":["GET"]}}],"collection":[{"href":"https:\/\/toacaso.gob.ec\/cotopaxi\/wp-json\/wp\/v2\/pages"}],"about":[{"href":"https:\/\/toacaso.gob.ec\/cotopaxi\/wp-json\/wp\/v2\/types\/page"}],"author":[{"embeddable":true,"href":"https:\/\/toacaso.gob.ec\/cotopaxi\/wp-json\/wp\/v2\/users\/2"}],"replies":[{"embeddable":true,"href":"https:\/\/toacaso.gob.ec\/cotopaxi\/wp-json\/wp\/v2\/comments?post=610"}],"version-history":[{"count":11,"href":"https:\/\/toacaso.gob.ec\/cotopaxi\/wp-json\/wp\/v2\/pages\/610\/revisions"}],"predecessor-version":[{"id":1119,"href":"https:\/\/toacaso.gob.ec\/cotopaxi\/wp-json\/wp\/v2\/pages\/610\/revisions\/1119"}],"wp:attachment":[{"href":"https:\/\/toacaso.gob.ec\/cotopaxi\/wp-json\/wp\/v2\/media?parent=610"}],"wp:term":[{"taxonomy":"yst_prominent_words","embeddable":true,"href":"https:\/\/toacaso.gob.ec\/cotopaxi\/wp-json\/wp\/v2\/yst_prominent_words?post=610"}],"curies":[{"name":"wp","href":"https:\/\/api.w.org\/{rel}","templated":true}]}}