{"id":258,"date":"2015-09-23T05:24:24","date_gmt":"2015-09-23T09:24:24","guid":{"rendered":"http:\/\/toacaso.gob.ec\/cotopaxi\/?page_id=258"},"modified":"2016-04-19T17:21:53","modified_gmt":"2016-04-19T21:21:53","slug":"documentos-2016","status":"publish","type":"page","link":"https:\/\/toacaso.gob.ec\/cotopaxi\/documentos-2016\/","title":{"rendered":"Documentos 2016"},"content":{"rendered":"<p>&nbsp;<\/p>\n<h2><strong>ENERO<\/strong><\/h2>\n<p><em><strong>a1) <\/strong><\/em>Organigrama de la Institucio\u0301n<\/p>\n<p><em><strong>a2)<\/strong> <\/em>Base legal que rige a la instituci\u00f3n<\/p>\n<p><em><strong>a3) <\/strong><\/em>Regulaciones y procedimientos internos<\/p>\n<p><em><strong>a4) <\/strong><\/em>Metas y objetivos unidades administrativas<\/p>\n<p>Ejercer la representacion\u00a0 delos intereses comunes de la poblacion,procurando la consecucionde sus metas,necesidades y aspiraciones,proporcionando,servicios de exelente calidad, procurando el cumplimiento eficiente en todos los campos vinculados a sus competencias, aportando\u00a0 de\u00a0 esta manera al desarrollo local y bienestar parroquial.<\/p>\n<p><em><strong>b1) <\/strong><\/em>Directorio de la institucio\u0301n<\/p>\n<p>Lic. Luis Gualberto Pincha\u00a0\u00a0\u00a0\u00a0\u00a0\u00a0 \u00a0 PRESIDENTE.<\/p>\n<p>Se\u00f1or. ArmandoValenzuela \u00a0 \u00a0 \u00a0\u00a0\u00a0 VICEPRESIDENTE.<\/p>\n<p>Se\u00f1or: Jose Melchor Tocte\u00a0\u00a0\u00a0\u00a0\u00a0\u00a0 \u00a0 \u00a0 PRIMER VOCAL.<\/p>\n<p>Se\u00f1or: Ernesto Chacon\u00a0\u00a0\u00a0\u00a0\u00a0\u00a0\u00a0\u00a0\u00a0\u00a0\u00a0\u00a0\u00a0\u00a0\u00a0 SEGUNDO VOCAL<\/p>\n<p>Se\u00f1or: William Rivera\u00a0\u00a0\u00a0\u00a0\u00a0\u00a0\u00a0\u00a0\u00a0\u00a0\u00a0\u00a0\u00a0\u00a0\u00a0\u00a0\u00a0\u00a0 TERCER VOCAL<\/p>\n<p>Se\u00f1or: Antonio Chacha\u00a0\u00a0\u00a0\u00a0\u00a0\u00a0\u00a0\u00a0\u00a0\u00a0\u00a0\u00a0\u00a0\u00a0\u00a0\u00a0\u00a0\u00a0\u00a0\u00a0\u00a0 TESORERO<\/p>\n<p>Se\u00f1ora: Yolanda Guaman\u00a0\u00a0\u00a0\u00a0\u00a0\u00a0\u00a0\u00a0\u00a0\u00a0\u00a0\u00a0\u00a0\u00a0\u00a0\u00a0\u00a0\u00a0 SECRETARIA<\/p>\n<p><em><strong>b2) <\/strong><\/em>Distributivo de personal<\/p>\n<p>&nbsp;<\/p>\n<table style=\"height: 318px;\" width=\"693\">\n<tbody>\n<tr>\n<td width=\"269\">Mesa<\/td>\n<td width=\"219\">\u00a0Lic. Gualberto Pincha<\/td>\n<\/tr>\n<tr>\n<td width=\"269\">Planificaci\u00f3n y presupuesto<\/td>\n<td width=\"219\">Lic. Gualberto Pincha<\/td>\n<\/tr>\n<tr>\n<td width=\"269\">Igualdad y g\u00e9nero<\/td>\n<td width=\"219\">\u00a0Sr. William Rivera<\/td>\n<\/tr>\n<tr>\n<td width=\"269\">Fiscalizaci\u00f3n<\/td>\n<td width=\"219\">\u00a0Sr. Ernesto Chacon<\/td>\n<\/tr>\n<tr>\n<td width=\"269\">Gesti\u00f3n de Calidad de Servicio y Desarrollo Institucional<\/td>\n<td width=\"219\">Sr. Melchor Tocte<\/td>\n<\/tr>\n<tr>\n<td width=\"269\">Gesti\u00f3n de Infraestructura F\u00edsica, Equipamiento y Espacios P\u00fablicos<\/td>\n<td width=\"219\">Sr. Melchor tocte<\/td>\n<\/tr>\n<tr>\n<td width=\"269\">Educaci\u00f3n, Cultura y Deportes<\/td>\n<td width=\"219\">\u00a0Sr. William Rivera<\/td>\n<\/tr>\n<tr>\n<td width=\"269\">Seguridad, Salud y Gesti\u00f3n Ambiental<\/td>\n<td width=\"219\">Sr. Ernesto Chacon<\/td>\n<\/tr>\n<tr>\n<td width=\"269\">Gesti\u00f3n de Cooperaci\u00f3n Internacional<\/td>\n<td width=\"219\">Sr. Armando Valenzuela<\/td>\n<\/tr>\n<tr>\n<td width=\"269\">Para el Fomento de Actividades Productivas, Agropecuarias, Ambiente y Seguridad Alimentaria<\/td>\n<td width=\"219\">Sr. Armando Valenzuela<\/td>\n<\/tr>\n<\/tbody>\n<\/table>\n<p><em><strong>c) <\/strong><\/em>Remuneracio\u0301n mensual por puesto<\/p>\n<p>PRESIDENTE\u00a0 esta con el valor mensual de 1300 dolares.<\/p>\n<p>VOCALES con una renumeracion b\u00e1sica de 520 dolares.<\/p>\n<p>TESORERO con una renumeracion b\u00e1sica de 520 dolares.<\/p>\n<p>SECRETARIA con una renumeracion b\u00e1sica\u00a0 de 500 dolares.<\/p>\n<p><em><strong>d)<\/strong><\/em> Servicios que ofrece y las formas de acceder a ellos<\/p>\n<p>Atencion diaria a la ciudadania brindando Informacion que lo requiera , emitir certificados de honorabilidad<\/p>\n<p><em><strong>e) <\/strong><\/em>Texto \u00edntegro de contratos colectivos vigentes.<\/p>\n<p><em><strong>f1)<\/strong><\/em> Formularios o formatos de solicitudes<\/p>\n<p><em><strong>f2)<\/strong><\/em> Formulario solicitud acceso a la informaci\u00f3n p\u00fablica<\/p>\n<p><em><strong>g)<\/strong> <\/em>Presupuesto de la Instituci\u00f3n.<\/p>\n<p>El presupuesto anual 2016 es de 290.195,41<\/p>\n<p><em><strong>h) <\/strong><\/em>Resultados de auditor\u00edas internas y gubernamentales<\/p>\n<p><em><strong>i)<\/strong> <\/em>Procesos de contrataciones<\/p>\n<p><em><strong>j)<\/strong> <\/em>Empresas y personas que han incumplido contratos<\/p>\n<p><em><strong>k)<\/strong> <\/em>Planes y programas en ejecuci\u00f3n<\/p>\n<p><em><strong>l)<\/strong> <\/em>Contratos de cr\u00e9dito externos o internos<\/p>\n<p><em><strong>m)<\/strong><\/em> Mecanismos de rendici\u00f3n de cuentas a la ciudadan\u00eda<\/p>\n<p>Elaboracion de invitacion a todas las comunidades, barrios, Asociaciones, Instituciones educativas, Autoridades Civiles y Eclesiasticas, medios de trasporte y otros.<\/p>\n<p>Elaboracion del informe por parte del Presidente y vocales.<\/p>\n<p>Presentacion del informe a la ciudadania.<\/p>\n<p><em><strong>n)<\/strong><\/em> Vi\u00e1ticos, informes de trabajo y justificativos<\/p>\n<p><em><strong>o)<\/strong><\/em> Responsable de atender la informaci\u00f3n p\u00fablica<\/p>\n<p>Secretaria.<\/p>\n<p><em><strong>q)<\/strong> <\/em>Texto \u00edntegro de las resoluciones.<\/p>\n<p>&nbsp;<\/p>\n<p>FEBRERO.<\/p>\n<p>&nbsp;<\/p>\n","protected":false},"excerpt":{"rendered":"<p>&nbsp; ENERO a1) Organigrama de la Institucio\u0301n a2) Base legal que rige a la instituci\u00f3n a3) Regulaciones y procedimientos internos a4) Metas y objetivos unidades administrativas Ejercer la representacion\u00a0 delos intereses comunes de la poblacion,procurando la consecucionde sus metas,necesidades y aspiraciones,proporcionando,servicios de exelente calidad, procurando el cumplimiento eficiente en todos los campos vinculados a sus [&hellip;]<\/p>\n","protected":false},"author":2,"featured_media":0,"parent":0,"menu_order":0,"comment_status":"closed","ping_status":"closed","template":"","meta":{"footnotes":""},"yst_prominent_words":[],"class_list":["post-258","page","type-page","status-publish","hentry"],"_links":{"self":[{"href":"https:\/\/toacaso.gob.ec\/cotopaxi\/wp-json\/wp\/v2\/pages\/258","targetHints":{"allow":["GET"]}}],"collection":[{"href":"https:\/\/toacaso.gob.ec\/cotopaxi\/wp-json\/wp\/v2\/pages"}],"about":[{"href":"https:\/\/toacaso.gob.ec\/cotopaxi\/wp-json\/wp\/v2\/types\/page"}],"author":[{"embeddable":true,"href":"https:\/\/toacaso.gob.ec\/cotopaxi\/wp-json\/wp\/v2\/users\/2"}],"replies":[{"embeddable":true,"href":"https:\/\/toacaso.gob.ec\/cotopaxi\/wp-json\/wp\/v2\/comments?post=258"}],"version-history":[{"count":9,"href":"https:\/\/toacaso.gob.ec\/cotopaxi\/wp-json\/wp\/v2\/pages\/258\/revisions"}],"predecessor-version":[{"id":395,"href":"https:\/\/toacaso.gob.ec\/cotopaxi\/wp-json\/wp\/v2\/pages\/258\/revisions\/395"}],"wp:attachment":[{"href":"https:\/\/toacaso.gob.ec\/cotopaxi\/wp-json\/wp\/v2\/media?parent=258"}],"wp:term":[{"taxonomy":"yst_prominent_words","embeddable":true,"href":"https:\/\/toacaso.gob.ec\/cotopaxi\/wp-json\/wp\/v2\/yst_prominent_words?post=258"}],"curies":[{"name":"wp","href":"https:\/\/api.w.org\/{rel}","templated":true}]}}