{"id":21,"date":"2014-10-24T02:10:00","date_gmt":"2014-10-24T02:10:00","guid":{"rendered":"http:\/\/toacaso.gob.ec\/cotopaxi\/?page_id=21"},"modified":"2020-05-15T00:00:26","modified_gmt":"2020-05-15T04:00:26","slug":"ultimas-noticias","status":"publish","type":"page","link":"https:\/\/toacaso.gob.ec\/cotopaxi\/ultimas-noticias\/","title":{"rendered":"Ultimas Noticias"},"content":{"rendered":"\t\t<div data-elementor-type=\"wp-page\" data-elementor-id=\"21\" class=\"elementor elementor-21\" data-elementor-settings=\"[]\">\n\t\t\t<div class=\"elementor-inner\">\n\t\t\t\t<div class=\"elementor-section-wrap\">\n\t\t\t\t\t\t\t<section class=\"elementor-element elementor-element-0949cd4 elementor-section-boxed elementor-section-height-default elementor-section-height-default elementor-section elementor-top-section\" data-id=\"0949cd4\" data-element_type=\"section\">\n\t\t\t\t\t\t<div class=\"elementor-container elementor-column-gap-default\">\n\t\t\t\t<div class=\"elementor-row\">\n\t\t\t\t<div class=\"elementor-element elementor-element-44807e2 elementor-column elementor-col-100 elementor-top-column\" data-id=\"44807e2\" data-element_type=\"column\">\n\t\t\t<div class=\"elementor-column-wrap  elementor-element-populated\">\n\t\t\t\t\t<div class=\"elementor-widget-wrap\">\n\t\t\t\t<div class=\"elementor-element elementor-element-ab8a8dc elementor-grid-3 elementor-grid-tablet-2 elementor-grid-mobile-1 elementor-posts--thumbnail-top elementor-card-shadow-yes elementor-posts__hover-gradient elementor-widget elementor-widget-posts\" data-id=\"ab8a8dc\" data-element_type=\"widget\" data-settings=\"{&quot;cards_columns&quot;:&quot;3&quot;,&quot;cards_columns_tablet&quot;:&quot;2&quot;,&quot;cards_columns_mobile&quot;:&quot;1&quot;,&quot;cards_row_gap&quot;:{&quot;unit&quot;:&quot;px&quot;,&quot;size&quot;:35,&quot;sizes&quot;:[]}}\" data-widget_type=\"posts.cards\">\n\t\t\t\t<div class=\"elementor-widget-container\">\n\t\t\t\t\t<div class=\"elementor-posts-container elementor-posts elementor-posts--skin-cards elementor-grid\">\n\t\t\t\t<article class=\"elementor-post elementor-grid-item post-2667 post type-post status-publish format-standard hentry category-sin-categoria\">\n\t\t\t<div class=\"elementor-post__card\">\n\t\t\t\t<div class=\"elementor-post__text\">\n\t\t\t\t<h3 class=\"elementor-post__title\">\n\t\t\t<a href=\"https:\/\/toacaso.gob.ec\/cotopaxi\/pac-y-poa-2023\/\">\n\t\t\t\tPAC Y POA 2023\t\t\t<\/a>\n\t\t<\/h3>\n\t\t\t\t<div class=\"elementor-post__excerpt\">\n\t\t\t<p>POA Y PAC 2023<\/p>\n\t\t<\/div>\n\t\t\t\t\t<a class=\"elementor-post__read-more\" href=\"https:\/\/toacaso.gob.ec\/cotopaxi\/pac-y-poa-2023\/\">\n\t\t\t\tLeer m\u00e1s \u00bb\t\t\t<\/a>\n\t\t\t\t<\/div>\n\t\t\t\t<div class=\"elementor-post__meta-data\">\n\t\t\t\t\t<span class=\"elementor-post-date\">\n\t\t\t31 enero, 2024\t\t<\/span>\n\t\t\t\t<\/div>\n\t\t\t\t\t<\/div>\n\t\t<\/article>\n\t\t\t\t<article class=\"elementor-post elementor-grid-item post-2582 post type-post status-publish format-standard hentry category-sin-categoria\">\n\t\t\t<div class=\"elementor-post__card\">\n\t\t\t\t<div class=\"elementor-post__text\">\n\t\t\t\t<h3 class=\"elementor-post__title\">\n\t\t\t<a href=\"https:\/\/toacaso.gob.ec\/cotopaxi\/descargas\/\">\n\t\t\t\tDESCARGAS\t\t\t<\/a>\n\t\t<\/h3>\n\t\t\t\t<div class=\"elementor-post__excerpt\">\n\t\t\t\t\t<\/div>\n\t\t\t\t\t<a class=\"elementor-post__read-more\" href=\"https:\/\/toacaso.gob.ec\/cotopaxi\/descargas\/\">\n\t\t\t\tLeer m\u00e1s \u00bb\t\t\t<\/a>\n\t\t\t\t<\/div>\n\t\t\t\t<div class=\"elementor-post__meta-data\">\n\t\t\t\t\t<span class=\"elementor-post-date\">\n\t\t\t30 enero, 2024\t\t<\/span>\n\t\t\t\t<\/div>\n\t\t\t\t\t<\/div>\n\t\t<\/article>\n\t\t\t\t<article class=\"elementor-post elementor-grid-item post-884 post type-post status-publish format-standard hentry category-sin-categoria\">\n\t\t\t<div class=\"elementor-post__card\">\n\t\t\t\t<div class=\"elementor-post__text\">\n\t\t\t\t<h3 class=\"elementor-post__title\">\n\t\t\t<a href=\"https:\/\/toacaso.gob.ec\/cotopaxi\/propuesta-para-el-desarrollo-y-ordenamiento-territorial-toacaso-2015-2019\/\">\n\t\t\t\tPROPUESTA PARA EL DESARROLLO Y ORDENAMIENTO TERRITORIAL &#8211; TOACASO 2015-2019\t\t\t<\/a>\n\t\t<\/h3>\n\t\t\t\t<div class=\"elementor-post__excerpt\">\n\t\t\t<p>PDYOT_MODIFICADO<\/p>\n\t\t<\/div>\n\t\t\t\t\t<a class=\"elementor-post__read-more\" href=\"https:\/\/toacaso.gob.ec\/cotopaxi\/propuesta-para-el-desarrollo-y-ordenamiento-territorial-toacaso-2015-2019\/\">\n\t\t\t\tLeer m\u00e1s \u00bb\t\t\t<\/a>\n\t\t\t\t<\/div>\n\t\t\t\t<div class=\"elementor-post__meta-data\">\n\t\t\t\t\t<span class=\"elementor-post-date\">\n\t\t\t24 marzo, 2020\t\t<\/span>\n\t\t\t\t<\/div>\n\t\t\t\t\t<\/div>\n\t\t<\/article>\n\t\t\t\t<article class=\"elementor-post elementor-grid-item post-861 post type-post status-publish format-standard hentry category-sin-categoria\">\n\t\t\t<div class=\"elementor-post__card\">\n\t\t\t\t<div class=\"elementor-post__text\">\n\t\t\t\t<h3 class=\"elementor-post__title\">\n\t\t\t<a href=\"https:\/\/toacaso.gob.ec\/cotopaxi\/f-se-publicaran-los-formularios-o-formatos-de-solicitudes-que-se-requieran-para-los-tramites-inherentes-a-su-campo-de-accion\/\">\n\t\t\t\tf) Se publicar\u00e1n los formularios o formatos de solicitudes que se requieran para los tr\u00e1mites inherentes a su campo de acci\u00f3n\t\t\t<\/a>\n\t\t<\/h3>\n\t\t\t\t<div class=\"elementor-post__excerpt\">\n\t\t\t<p>Literal_f2-Formulario_solicitud_acceso_a_la_informacion_publica (2)<\/p>\n\t\t<\/div>\n\t\t\t\t\t<a class=\"elementor-post__read-more\" href=\"https:\/\/toacaso.gob.ec\/cotopaxi\/f-se-publicaran-los-formularios-o-formatos-de-solicitudes-que-se-requieran-para-los-tramites-inherentes-a-su-campo-de-accion\/\">\n\t\t\t\tLeer m\u00e1s \u00bb\t\t\t<\/a>\n\t\t\t\t<\/div>\n\t\t\t\t<div class=\"elementor-post__meta-data\">\n\t\t\t\t\t<span class=\"elementor-post-date\">\n\t\t\t23 marzo, 2020\t\t<\/span>\n\t\t\t\t<\/div>\n\t\t\t\t\t<\/div>\n\t\t<\/article>\n\t\t\t\t<article class=\"elementor-post elementor-grid-item post-842 post type-post status-publish format-standard hentry category-sin-categoria\">\n\t\t\t<div class=\"elementor-post__card\">\n\t\t\t\t<div class=\"elementor-post__text\">\n\t\t\t\t<h3 class=\"elementor-post__title\">\n\t\t\t<a href=\"https:\/\/toacaso.gob.ec\/cotopaxi\/literal-a4-las-metas-y-objetivos-de-las-unidades-administrativas-de-conformidad-con-sus-programas-operativos-7\/\">\n\t\t\t\tLiteral a4) Las metas y objetivos de las unidades administrativas de conformidad con sus programas operativos\t\t\t<\/a>\n\t\t<\/h3>\n\t\t\t\t<div class=\"elementor-post__excerpt\">\n\t\t\t<p>Literal_a4-Metas_y_objetivos_unidades_administrativas<\/p>\n\t\t<\/div>\n\t\t\t\t\t<a class=\"elementor-post__read-more\" href=\"https:\/\/toacaso.gob.ec\/cotopaxi\/literal-a4-las-metas-y-objetivos-de-las-unidades-administrativas-de-conformidad-con-sus-programas-operativos-7\/\">\n\t\t\t\tLeer m\u00e1s \u00bb\t\t\t<\/a>\n\t\t\t\t<\/div>\n\t\t\t\t<div class=\"elementor-post__meta-data\">\n\t\t\t\t\t<span class=\"elementor-post-date\">\n\t\t\t23 marzo, 2020\t\t<\/span>\n\t\t\t\t<\/div>\n\t\t\t\t\t<\/div>\n\t\t<\/article>\n\t\t\t\t<article class=\"elementor-post elementor-grid-item post-840 post type-post status-publish format-standard hentry category-sin-categoria\">\n\t\t\t<div class=\"elementor-post__card\">\n\t\t\t\t<div class=\"elementor-post__text\">\n\t\t\t\t<h3 class=\"elementor-post__title\">\n\t\t\t<a href=\"https:\/\/toacaso.gob.ec\/cotopaxi\/literal-a4-las-metas-y-objetivos-de-las-unidades-administrativas-de-conformidad-con-sus-programas-operativos-6\/\">\n\t\t\t\tLiteral a4) Las metas y objetivos de las unidades administrativas de conformidad con sus programas operativos\t\t\t<\/a>\n\t\t<\/h3>\n\t\t\t\t<div class=\"elementor-post__excerpt\">\n\t\t\t<p>Literal_a4-Metas_y_objetivos_unidades_administrativas<\/p>\n\t\t<\/div>\n\t\t\t\t\t<a class=\"elementor-post__read-more\" href=\"https:\/\/toacaso.gob.ec\/cotopaxi\/literal-a4-las-metas-y-objetivos-de-las-unidades-administrativas-de-conformidad-con-sus-programas-operativos-6\/\">\n\t\t\t\tLeer m\u00e1s \u00bb\t\t\t<\/a>\n\t\t\t\t<\/div>\n\t\t\t\t<div class=\"elementor-post__meta-data\">\n\t\t\t\t\t<span class=\"elementor-post-date\">\n\t\t\t23 marzo, 2020\t\t<\/span>\n\t\t\t\t<\/div>\n\t\t\t\t\t<\/div>\n\t\t<\/article>\n\t\t\t\t<\/div>\n\t\t\t\t<\/div>\n\t\t\t\t<\/div>\n\t\t\t\t\t\t<\/div>\n\t\t\t<\/div>\n\t\t<\/div>\n\t\t\t\t\t\t<\/div>\n\t\t\t<\/div>\n\t\t<\/section>\n\t\t\t\t\t\t<\/div>\n\t\t\t<\/div>\n\t\t<\/div>\n\t\t","protected":false},"excerpt":{"rendered":"Literal_a4-Metas_y_objetivos_unidades_administrativas","protected":false},"author":1,"featured_media":0,"parent":0,"menu_order":0,"comment_status":"closed","ping_status":"open","template":"","meta":{"footnotes":""},"yst_prominent_words":[],"class_list":["post-21","page","type-page","status-publish","hentry"],"_links":{"self":[{"href":"https:\/\/toacaso.gob.ec\/cotopaxi\/wp-json\/wp\/v2\/pages\/21","targetHints":{"allow":["GET"]}}],"collection":[{"href":"https:\/\/toacaso.gob.ec\/cotopaxi\/wp-json\/wp\/v2\/pages"}],"about":[{"href":"https:\/\/toacaso.gob.ec\/cotopaxi\/wp-json\/wp\/v2\/types\/page"}],"author":[{"embeddable":true,"href":"https:\/\/toacaso.gob.ec\/cotopaxi\/wp-json\/wp\/v2\/users\/1"}],"replies":[{"embeddable":true,"href":"https:\/\/toacaso.gob.ec\/cotopaxi\/wp-json\/wp\/v2\/comments?post=21"}],"version-history":[{"count":2,"href":"https:\/\/toacaso.gob.ec\/cotopaxi\/wp-json\/wp\/v2\/pages\/21\/revisions"}],"predecessor-version":[{"id":1085,"href":"https:\/\/toacaso.gob.ec\/cotopaxi\/wp-json\/wp\/v2\/pages\/21\/revisions\/1085"}],"wp:attachment":[{"href":"https:\/\/toacaso.gob.ec\/cotopaxi\/wp-json\/wp\/v2\/media?parent=21"}],"wp:term":[{"taxonomy":"yst_prominent_words","embeddable":true,"href":"https:\/\/toacaso.gob.ec\/cotopaxi\/wp-json\/wp\/v2\/yst_prominent_words?post=21"}],"curies":[{"name":"wp","href":"https:\/\/api.w.org\/{rel}","templated":true}]}}